{"id":207,"date":"2024-09-05T16:43:06","date_gmt":"2024-09-05T16:43:06","guid":{"rendered":"https:\/\/krasserfilm.com\/product\/166934750318filmdealers-500t-experimental-35mm\/"},"modified":"2024-09-19T16:40:38","modified_gmt":"2024-09-19T16:40:38","slug":"166934750318filmdealers-500t-experimental-35mm","status":"publish","type":"product","link":"https:\/\/krasserfilm.com\/de\/produkt\/166934750318filmdealers-500t-experimental-35mm\/","title":{"rendered":"Filmdealer&#8217;s 500T EXPERIMENTAL 35mm 135\/36"},"content":{"rendered":"<p dir=\"ltr\">\u00b7 Filmdealer\u2019s 500T EXPERIMENTAL ist umverpackter expired KODAK Vision3 500T<\/p>\n<p>Film ist ein organisches Medium. Und dabei altert jede Rolle anders. Dieses Batch an limitiertem Film stammt aus einer tschechischen Filmproduktion und wurde durchgehend tiefgek\u00fchlt gelagert. Trotzdem altert der Film und wir empfehlen den Film mit ISO 50-100 zu verschiessen. Dabei liefert der Film nach wie vor tolle Ergebnisse, mit einem kreativen Touch, und tollen Farben. F\u00fcr Aufnahmen bei Tageslicht kann zur Farbkorrektur mit einem 85B Filter, oder im Scan stattfinden. Lagerung: Alle Rollen werden ausschlie\u00dflich von Masterrollen geschnitten, und durchgehend tiefgek\u00fchlt gelagert. Wir empfehlen den Film gek\u00fchlt zu Lagern. Kinofilm ist Profifilm, und f\u00fcr das bestm\u00f6gliche Bild entwickelt. Das kann die Lagerf\u00e4higkeit des Filmes beeintr\u00e4chtigen. ECN-2 Film: Dieser Film hat eine Remjet Schicht, und darf nicht im \u201anormalen\u2018 Labor abgegeben werden das eine ECN-2 Entwicklung nicht explizitanbietet! Wir empfehlen eine Heimentwicklung mit C-41 oder ECN-2 Kits. Genaue Entwicklungsanleitungen finden sich online zuhauf. Disclaimer: Dieser Film wird besten Wissens und Gewissens von Hand verpackt. Dabei kannes dazu kommen, dass das letzte Bild auf dem Film abgeschnitten ist.<\/p>","protected":false},"excerpt":{"rendered":"<ul dir=\"ltr\">\n<li>135\/36expVintage Filmlook<\/li>\n<li>cinematic Farbpalette<\/li>\n<li>vielseitig einsetzbarISO 50-100 (in C-41)<\/li>\n<li>Kunstlichtfilm (3200K)<\/li>\n<li>experimentalfilm mit Remjet Schicht!<\/li>\n<li>\u00dcberzeugt mit \u00dcberraschunsfaktor!<\/li>\n<\/ul>","protected":false},"featured_media":683,"comment_status":"open","ping_status":"closed","template":"","meta":{"site-sidebar-layout":"default","site-content-layout":"","ast-site-content-layout":"default","site-content-style":"default","site-sidebar-style":"default","ast-global-header-display":"","ast-banner-title-visibility":"","ast-main-header-display":"","ast-hfb-above-header-display":"","ast-hfb-below-header-display":"","ast-hfb-mobile-header-display":"","site-post-title":"","ast-breadcrumbs-content":"","ast-featured-img":"","footer-sml-layout":"","ast-disable-related-posts":"","theme-transparent-header-meta":"default","adv-header-id-meta":"","stick-header-meta":"","header-above-stick-meta":"","header-main-stick-meta":"","header-below-stick-meta":"","astra-migrate-meta-layouts":"set","ast-page-background-enabled":"default","ast-page-background-meta":{"desktop":{"background-color":"var(--ast-global-color-4)","background-image":"","background-repeat":"repeat","background-position":"center center","background-size":"auto","background-attachment":"scroll","background-type":"","background-media":"","overlay-type":"","overlay-color":"","overlay-opacity":"","overlay-gradient":""},"tablet":{"background-color":"","background-image":"","background-repeat":"repeat","background-position":"center center","background-size":"auto","background-attachment":"scroll","background-type":"","background-media":"","overlay-type":"","overlay-color":"","overlay-opacity":"","overlay-gradient":""},"mobile":{"background-color":"","background-image":"","background-repeat":"repeat","background-position":"center center","background-size":"auto","background-attachment":"scroll","background-type":"","background-media":"","overlay-type":"","overlay-color":"","overlay-opacity":"","overlay-gradient":""}},"ast-content-background-meta":{"desktop":{"background-color":"var(--ast-global-color-5)","background-image":"","background-repeat":"repeat","background-position":"center center","background-size":"auto","background-attachment":"scroll","background-type":"","background-media":"","overlay-type":"","overlay-color":"","overlay-opacity":"","overlay-gradient":""},"tablet":{"background-color":"var(--ast-global-color-5)","background-image":"","background-repeat":"repeat","background-position":"center center","background-size":"auto","background-attachment":"scroll","background-type":"","background-media":"","overlay-type":"","overlay-color":"","overlay-opacity":"","overlay-gradient":""},"mobile":{"background-color":"var(--ast-global-color-5)","background-image":"","background-repeat":"repeat","background-position":"center center","background-size":"auto","background-attachment":"scroll","background-type":"","background-media":"","overlay-type":"","overlay-color":"","overlay-opacity":"","overlay-gradient":""}}},"product_brand":[],"product_cat":[19],"product_tag":[],"class_list":{"0":"post-207","1":"product","2":"type-product","3":"status-publish","4":"has-post-thumbnail","6":"product_cat-film","7":"desktop-align-left","8":"tablet-align-left","9":"mobile-align-left","11":"first","12":"instock","13":"taxable","14":"shipping-taxable","15":"purchasable","16":"product-type-simple"},"aioseo_notices":[],"_links":{"self":[{"href":"https:\/\/krasserfilm.com\/de\/wp-json\/wp\/v2\/product\/207","targetHints":{"allow":["GET"]}}],"collection":[{"href":"https:\/\/krasserfilm.com\/de\/wp-json\/wp\/v2\/product"}],"about":[{"href":"https:\/\/krasserfilm.com\/de\/wp-json\/wp\/v2\/types\/product"}],"replies":[{"embeddable":true,"href":"https:\/\/krasserfilm.com\/de\/wp-json\/wp\/v2\/comments?post=207"}],"wp:featuredmedia":[{"embeddable":true,"href":"https:\/\/krasserfilm.com\/de\/wp-json\/wp\/v2\/media\/683"}],"wp:attachment":[{"href":"https:\/\/krasserfilm.com\/de\/wp-json\/wp\/v2\/media?parent=207"}],"wp:term":[{"taxonomy":"product_brand","embeddable":true,"href":"https:\/\/krasserfilm.com\/de\/wp-json\/wp\/v2\/product_brand?post=207"},{"taxonomy":"product_cat","embeddable":true,"href":"https:\/\/krasserfilm.com\/de\/wp-json\/wp\/v2\/product_cat?post=207"},{"taxonomy":"product_tag","embeddable":true,"href":"https:\/\/krasserfilm.com\/de\/wp-json\/wp\/v2\/product_tag?post=207"}],"curies":[{"name":"wp","href":"https:\/\/api.w.org\/{rel}","templated":true}]}}