{"id":278,"date":"2024-09-05T21:04:54","date_gmt":"2024-09-05T21:04:54","guid":{"rendered":"https:\/\/krasserfilm.com\/?post_type=product&#038;p=278"},"modified":"2024-09-19T16:40:38","modified_gmt":"2024-09-19T16:40:38","slug":"filmdealers-500t-35mm-135-36","status":"publish","type":"product","link":"https:\/\/krasserfilm.com\/de\/produkt\/filmdealers-500t-35mm-135-36\/","title":{"rendered":"Filmdealer&#8217;s 500T 35mm 135\/36"},"content":{"rendered":"<p><strong>Filmdealer\u2019s 500T ist umverpackter KODAK Vision3 500T<\/strong><\/p>\n<ul>\n<li>135\/36exp<\/li>\n<li>Besonders geeignet auch f\u00fcr wenig Licht<\/li>\n<li>hochwertige Farben, f\u00fcr anspruchsvolle Fotografen<\/li>\n<li>hohe Empfindlichkeit<\/li>\n<li>vielseitig einsetzbar<\/li>\n<li>ISO 500-800 (in C-41)<\/li>\n<li>Kunstlichtfilm (3200K)<\/li>\n<li>Pushbar bis 1600 ISO<\/li>\n<li>mit Remjet Schicht!<\/li>\n<\/ul>\n<p>\u00dcberzeugt mit Vielseitigket! Ob f\u00fcr sonniges Wetter, D\u00e4mmerung, oder Studioaufnahmen. Der 500T kanns sie Alle. \u00a0Mit hoher Empfindlichkeit, und \u00fcberragendem Dynamikumfang liefert er bei jedem Licht beste Ergebnisse. Mit seine Pushbarkeit bis ISO 1600 ist er gerade f\u00fcr Nachtfotografie sehr geeignet und viel genutzt. Da er auch bei wenig Umgebunslicht noch tolle Ergebnisse liefert. F\u00fcr Aufnahmen bei Tageslicht kann zur Farbkorrektur mit einem 85B Filter, oder im Scan stattfinden.<\/p>\n<p><strong>Lagerung:<\/strong> Alle Rollen werden ausschlie\u00dflich von frischen Masterrollen geschnitten, und durchgehend tiefgek\u00fchlt gelagert.<\/p>\n<p>Wir empfehlen den Film gek\u00fchlt zu Lagern. Kinofilm ist Profifilm, und f\u00fcr das bestm\u00f6gliche Bild entwickelt. Das kann die Lagerf\u00e4higkeit des Filmes beeintr\u00e4chtigen.<\/p>\n<p>ECN-2 Film: Dieser Film hat eine Remjet Schicht, und <strong>darf<\/strong> <strong>nur im Labor abgegeben werden das eine ECN-2 Entwicklung explizit anbietet! <\/strong>Wir empfehlen eine Heimentwicklung mit C-41 oder ECN-2 Kits. \u00a0Genaue Entwicklungsanleitungen <a href=\"https:\/\/krasserfilm.com\/de\/how-to-remove-remjet\/\">hier<\/a>.<\/p>","protected":false},"excerpt":{"rendered":"<p>36exp 35mm Kodak Vision3 500T by the Filmdealer!<\/p>","protected":false},"featured_media":682,"comment_status":"open","ping_status":"closed","template":"","meta":{"site-sidebar-layout":"default","site-content-layout":"","ast-site-content-layout":"default","site-content-style":"default","site-sidebar-style":"default","ast-global-header-display":"","ast-banner-title-visibility":"","ast-main-header-display":"","ast-hfb-above-header-display":"","ast-hfb-below-header-display":"","ast-hfb-mobile-header-display":"","site-post-title":"","ast-breadcrumbs-content":"","ast-featured-img":"","footer-sml-layout":"","ast-disable-related-posts":"","theme-transparent-header-meta":"default","adv-header-id-meta":"","stick-header-meta":"","header-above-stick-meta":"","header-main-stick-meta":"","header-below-stick-meta":"","astra-migrate-meta-layouts":"set","ast-page-background-enabled":"default","ast-page-background-meta":{"desktop":{"background-color":"var(--ast-global-color-4)","background-image":"","background-repeat":"repeat","background-position":"center center","background-size":"auto","background-attachment":"scroll","background-type":"","background-media":"","overlay-type":"","overlay-color":"","overlay-opacity":"","overlay-gradient":""},"tablet":{"background-color":"","background-image":"","background-repeat":"repeat","background-position":"center center","background-size":"auto","background-attachment":"scroll","background-type":"","background-media":"","overlay-type":"","overlay-color":"","overlay-opacity":"","overlay-gradient":""},"mobile":{"background-color":"","background-image":"","background-repeat":"repeat","background-position":"center center","background-size":"auto","background-attachment":"scroll","background-type":"","background-media":"","overlay-type":"","overlay-color":"","overlay-opacity":"","overlay-gradient":""}},"ast-content-background-meta":{"desktop":{"background-color":"var(--ast-global-color-5)","background-image":"","background-repeat":"repeat","background-position":"center center","background-size":"auto","background-attachment":"scroll","background-type":"","background-media":"","overlay-type":"","overlay-color":"","overlay-opacity":"","overlay-gradient":""},"tablet":{"background-color":"var(--ast-global-color-5)","background-image":"","background-repeat":"repeat","background-position":"center center","background-size":"auto","background-attachment":"scroll","background-type":"","background-media":"","overlay-type":"","overlay-color":"","overlay-opacity":"","overlay-gradient":""},"mobile":{"background-color":"var(--ast-global-color-5)","background-image":"","background-repeat":"repeat","background-position":"center center","background-size":"auto","background-attachment":"scroll","background-type":"","background-media":"","overlay-type":"","overlay-color":"","overlay-opacity":"","overlay-gradient":""}}},"product_brand":[],"product_cat":[19],"product_tag":[],"class_list":{"0":"post-278","1":"product","2":"type-product","3":"status-publish","4":"has-post-thumbnail","6":"product_cat-film","7":"desktop-align-left","8":"tablet-align-left","9":"mobile-align-left","11":"first","12":"instock","13":"taxable","14":"shipping-taxable","15":"purchasable","16":"product-type-simple"},"aioseo_notices":[],"_links":{"self":[{"href":"https:\/\/krasserfilm.com\/de\/wp-json\/wp\/v2\/product\/278","targetHints":{"allow":["GET"]}}],"collection":[{"href":"https:\/\/krasserfilm.com\/de\/wp-json\/wp\/v2\/product"}],"about":[{"href":"https:\/\/krasserfilm.com\/de\/wp-json\/wp\/v2\/types\/product"}],"replies":[{"embeddable":true,"href":"https:\/\/krasserfilm.com\/de\/wp-json\/wp\/v2\/comments?post=278"}],"wp:featuredmedia":[{"embeddable":true,"href":"https:\/\/krasserfilm.com\/de\/wp-json\/wp\/v2\/media\/682"}],"wp:attachment":[{"href":"https:\/\/krasserfilm.com\/de\/wp-json\/wp\/v2\/media?parent=278"}],"wp:term":[{"taxonomy":"product_brand","embeddable":true,"href":"https:\/\/krasserfilm.com\/de\/wp-json\/wp\/v2\/product_brand?post=278"},{"taxonomy":"product_cat","embeddable":true,"href":"https:\/\/krasserfilm.com\/de\/wp-json\/wp\/v2\/product_cat?post=278"},{"taxonomy":"product_tag","embeddable":true,"href":"https:\/\/krasserfilm.com\/de\/wp-json\/wp\/v2\/product_tag?post=278"}],"curies":[{"name":"wp","href":"https:\/\/api.w.org\/{rel}","templated":true}]}}