{"id":18,"date":"2024-09-05T16:28:52","date_gmt":"2024-09-05T16:28:52","guid":{"rendered":"https:\/\/krasserfilm.com\/ueber\/"},"modified":"2024-09-19T15:53:08","modified_gmt":"2024-09-19T15:53:08","slug":"ueber","status":"publish","type":"page","link":"https:\/\/krasserfilm.com\/en\/ueber\/","title":{"rendered":"\u00dcber"},"content":{"rendered":"\n<div class=\"inherit-container-width wp-block-group alignfull has-tertiary-background-color has-background is-layout-constrained wp-container-core-group-is-layout-7276a2bb wp-block-group-is-layout-constrained\" style=\"margin-top:0;margin-bottom:0;padding-top:var(--wp--preset--spacing--60);padding-right:var(--wp--preset--spacing--30);padding-bottom:var(--wp--preset--spacing--60);padding-left:var(--wp--preset--spacing--30)\">\n<div class=\"wp-block-columns alignwide are-vertically-aligned-center is-layout-flex wp-container-core-columns-is-layout-47c06fe3 wp-block-columns-is-layout-flex\">\n<div class=\"wp-block-column is-vertically-aligned-center is-layout-flow wp-block-column-is-layout-flow\" style=\"flex-basis:60%\">\n<h2 class=\"wp-block-heading has-text-align-left has-large-font-size\">\u00dcber Uns: <\/h2>\n\n\n\n<p style=\"margin-top:16px\">Seit 2019 arbeiten wir in einem kleinen Team in Berlin daran dir Cinefilm in bester Qualit\u00e4t zu konfektionieren.<\/p>\n\n\n\n<p>Als passionierte Analogfreaks haben wir schon lange nach einer Option gesucht selbst hochwertigen Film g\u00fcnstig zu bekommen. Als Wir dann die Option Cinefilm gefunden haben, wussten wir dass wir das nicht nur f\u00fcr Uns behalten k\u00f6nnen.<\/p>\n\n\n\n<p>Seitdem arbeiten wir st\u00e4ndig daran unsere Produktpallette zu erweitern, und dir das bestm\u00f6gliche Produkt zu liefern!<br><\/p>\n<\/div>\n\n\n\n<div class=\"wp-block-column is-vertically-aligned-center is-layout-flow wp-container-core-column-is-layout-f5bb311e wp-block-column-is-layout-flow\" style=\"flex-basis:50%\">\n<figure class=\"wp-block-image size-full\"><img loading=\"lazy\" decoding=\"async\" width=\"3521\" height=\"853\" src=\"https:\/\/krasserfilm.com\/wp-content\/uploads\/2024\/09\/cropped-Asset-5@8x-1.png\" alt=\"\" class=\"wp-image-402\" srcset=\"https:\/\/krasserfilm.com\/wp-content\/uploads\/2024\/09\/cropped-Asset-5@8x-1.png 3521w, https:\/\/krasserfilm.com\/wp-content\/uploads\/2024\/09\/cropped-Asset-5@8x-1-300x73.png 300w, https:\/\/krasserfilm.com\/wp-content\/uploads\/2024\/09\/cropped-Asset-5@8x-1-1024x248.png 1024w, https:\/\/krasserfilm.com\/wp-content\/uploads\/2024\/09\/cropped-Asset-5@8x-1-768x186.png 768w, https:\/\/krasserfilm.com\/wp-content\/uploads\/2024\/09\/cropped-Asset-5@8x-1-1536x372.png 1536w, https:\/\/krasserfilm.com\/wp-content\/uploads\/2024\/09\/cropped-Asset-5@8x-1-2048x496.png 2048w, https:\/\/krasserfilm.com\/wp-content\/uploads\/2024\/09\/cropped-Asset-5@8x-1-18x4.png 18w, https:\/\/krasserfilm.com\/wp-content\/uploads\/2024\/09\/cropped-Asset-5@8x-1-600x145.png 600w, https:\/\/krasserfilm.com\/wp-content\/uploads\/2024\/09\/cropped-Asset-5@8x-1-242x59.png 242w\" sizes=\"auto, (max-width: 3521px) 100vw, 3521px\" \/><\/figure>\n<\/div>\n<\/div>\n<\/div>\n\n\n\n<div class=\"inherit-container-width wp-block-group alignfull has-background-background-color has-background is-layout-constrained wp-container-core-group-is-layout-7276a2bb wp-block-group-is-layout-constrained\" style=\"margin-top:0;margin-bottom:0;padding-top:var(--wp--preset--spacing--60);padding-right:var(--wp--preset--spacing--30);padding-bottom:var(--wp--preset--spacing--60);padding-left:var(--wp--preset--spacing--30)\">\n<div class=\"wp-block-group alignwide has-tertiary-background-color has-background is-content-justification-space-between is-layout-flex wp-container-core-group-is-layout-4be20cc5 wp-block-group-is-layout-flex\" style=\"padding-top:var(--wp--preset--spacing--50);padding-right:var(--wp--preset--spacing--50);padding-bottom:var(--wp--preset--spacing--50);padding-left:var(--wp--preset--spacing--50)\">\n<div class=\"wp-block-group is-layout-constrained wp-block-group-is-layout-constrained\">\n<h2 class=\"wp-block-heading has-large-font-size\">Entdecken Sie unser Angebot!<\/h2>\n\n\n\n<p style=\"margin-top:16px\">Besuchen Sie jetzt unseren Online-Shop und entdecken Sie eine vielf\u00e4ltige Auswahl an Filmen. Von Schwarzwei\u00df \u00fcber Farbfilm bis hin zu Spezialfilmen haben wir alles, was Sie brauchen.<\/p>\n<\/div>\n\n\n\n<div class=\"wp-block-buttons is-content-justification-left is-layout-flex wp-container-core-buttons-is-layout-82056a45 wp-block-buttons-is-layout-flex\">\n<div class=\"wp-block-button is-style-outline is-style-outline--1\"><a class=\"wp-block-button__link wp-element-button\" href=\"https:\/\/krasserfilm.com\/blog\/\">Mehr erfahren<\/a><\/div>\n\n\n\n<div class=\"wp-block-button\"><a class=\"wp-block-button__link wp-element-button\" href=\"https:\/\/krasserfilm.com\/shop\/\">Jetzt bestellen<\/a><\/div>\n<\/div>\n<\/div>\n<\/div>\n\n\n\n<p><\/p>\n","protected":false},"excerpt":{"rendered":"<p>\u00dcber Uns: Seit 2019 arbeiten wir in einem kleinen Team in Berlin daran dir Cinefilm in bester Qualit\u00e4t zu konfektionieren. [&hellip;]<\/p>\n","protected":false},"author":1,"featured_media":0,"parent":0,"menu_order":0,"comment_status":"closed","ping_status":"closed","template":"","meta":{"site-sidebar-layout":"default","site-content-layout":"","ast-site-content-layout":"default","site-content-style":"default","site-sidebar-style":"default","ast-global-header-display":"","ast-banner-title-visibility":"","ast-main-header-display":"","ast-hfb-above-header-display":"","ast-hfb-below-header-display":"","ast-hfb-mobile-header-display":"","site-post-title":"disabled","ast-breadcrumbs-content":"","ast-featured-img":"","footer-sml-layout":"","ast-disable-related-posts":"","theme-transparent-header-meta":"","adv-header-id-meta":"","stick-header-meta":"","header-above-stick-meta":"","header-main-stick-meta":"","header-below-stick-meta":"","astra-migrate-meta-layouts":"default","ast-page-background-enabled":"default","ast-page-background-meta":{"desktop":{"background-color":"var(--ast-global-color-4)","background-image":"","background-repeat":"repeat","background-position":"center center","background-size":"auto","background-attachment":"scroll","background-type":"","background-media":"","overlay-type":"","overlay-color":"","overlay-opacity":"","overlay-gradient":""},"tablet":{"background-color":"","background-image":"","background-repeat":"repeat","background-position":"center center","background-size":"auto","background-attachment":"scroll","background-type":"","background-media":"","overlay-type":"","overlay-color":"","overlay-opacity":"","overlay-gradient":""},"mobile":{"background-color":"","background-image":"","background-repeat":"repeat","background-position":"center center","background-size":"auto","background-attachment":"scroll","background-type":"","background-media":"","overlay-type":"","overlay-color":"","overlay-opacity":"","overlay-gradient":""}},"ast-content-background-meta":{"desktop":{"background-color":"var(--ast-global-color-5)","background-image":"","background-repeat":"repeat","background-position":"center center","background-size":"auto","background-attachment":"scroll","background-type":"","background-media":"","overlay-type":"","overlay-color":"","overlay-opacity":"","overlay-gradient":""},"tablet":{"background-color":"var(--ast-global-color-5)","background-image":"","background-repeat":"repeat","background-position":"center center","background-size":"auto","background-attachment":"scroll","background-type":"","background-media":"","overlay-type":"","overlay-color":"","overlay-opacity":"","overlay-gradient":""},"mobile":{"background-color":"var(--ast-global-color-5)","background-image":"","background-repeat":"repeat","background-position":"center center","background-size":"auto","background-attachment":"scroll","background-type":"","background-media":"","overlay-type":"","overlay-color":"","overlay-opacity":"","overlay-gradient":""}},"footnotes":""},"class_list":["post-18","page","type-page","status-publish","hentry"],"aioseo_notices":[],"_links":{"self":[{"href":"https:\/\/krasserfilm.com\/en\/wp-json\/wp\/v2\/pages\/18","targetHints":{"allow":["GET"]}}],"collection":[{"href":"https:\/\/krasserfilm.com\/en\/wp-json\/wp\/v2\/pages"}],"about":[{"href":"https:\/\/krasserfilm.com\/en\/wp-json\/wp\/v2\/types\/page"}],"author":[{"embeddable":true,"href":"https:\/\/krasserfilm.com\/en\/wp-json\/wp\/v2\/users\/1"}],"replies":[{"embeddable":true,"href":"https:\/\/krasserfilm.com\/en\/wp-json\/wp\/v2\/comments?post=18"}],"version-history":[{"count":7,"href":"https:\/\/krasserfilm.com\/en\/wp-json\/wp\/v2\/pages\/18\/revisions"}],"predecessor-version":[{"id":847,"href":"https:\/\/krasserfilm.com\/en\/wp-json\/wp\/v2\/pages\/18\/revisions\/847"}],"wp:attachment":[{"href":"https:\/\/krasserfilm.com\/en\/wp-json\/wp\/v2\/media?parent=18"}],"curies":[{"name":"wp","href":"https:\/\/api.w.org\/{rel}","templated":true}]}}