{"id":639,"date":"2024-09-16T17:52:13","date_gmt":"2024-09-16T17:52:13","guid":{"rendered":"https:\/\/krasserfilm.com\/?post_type=product&#038;p=639"},"modified":"2024-09-19T16:40:37","modified_gmt":"2024-09-19T16:40:37","slug":"filmdealers-50d-35mm-135-36","status":"publish","type":"product","link":"https:\/\/krasserfilm.com\/en\/product\/filmdealers-50d-35mm-135-36\/","title":{"rendered":"Filmdealer&#8217;s 50D 35mm 135\/36"},"content":{"rendered":"<p><strong>Filmdealer\u2019s 50D ist umverpackter KODAK Vision3 50D <\/strong><\/p>\n<ul>\n<li>135\/36exp<\/li>\n<li>hochwertige Farben, f\u00fcr anspruchsvolle Fotografen<\/li>\n<li>f\u00fcr maximal feines Korn<\/li>\n<li>vielseitig einsetzbar<\/li>\n<li>ISO 50<\/li>\n<li>Tageslichtfilm (5500K)<\/li>\n<li>mit Remjet Schicht!<\/li>\n<\/ul>\n<p>F\u00fcr den H\u00f6chsten Anspruch! Prim\u00e4r geeignet f\u00fcr sonniges Wetter, oder Studioaufnahmen liefert der 50D Satte Farben, und feinstes Korn.<br \/>\ngenutzt f\u00fcr Kinofilme weltweit \u00fcberzeugt 50D mit Bildqualit\u00e4t und Aufl\u00f6sung ohne Kompromisse. Sein gro\u00dfer Dynamikumfang garantiert Details, auch in den Schatten.<\/p>\n<p><strong>Lagerung:<\/strong> Alle Rollen werden ausschlie\u00dflich von frischen Masterrollen geschnitten, und durchgehend tiefgek\u00fchlt gelagert .<br \/>\nWir empfehlen den Film gek\u00fchlt zu Lagern. Kinofilm ist Profifilm, und f\u00fcr das bestm\u00f6gliche Bild entwickelt. Das kann die Lagerf\u00e4higkeit des Filmes beeintr\u00e4chtigen.<\/p>\n<p>ECN-2 Film: Dieser Film hat eine Remjet Schicht, und <strong>darf<\/strong> <strong>nur im Labor abgegeben werden das eine ECN-2 Entwicklung explizit anbietet! <\/strong>Wir empfehlen eine Heimentwicklung mit C-41 oder ECN-2 Kits. \u00a0Genaue Entwicklungsanleitungen <a href=\"https:\/\/krasserfilm.com\/how-to-remove-remjet\/\">hier<\/a>.<\/p>\n","protected":false},"excerpt":{"rendered":"<p>36exp 35mm Kodak Vision3 50D by the Filmdealer!<\/p>\n","protected":false},"featured_media":680,"comment_status":"open","ping_status":"closed","template":"","meta":{"site-sidebar-layout":"default","site-content-layout":"","ast-site-content-layout":"default","site-content-style":"default","site-sidebar-style":"default","ast-global-header-display":"","ast-banner-title-visibility":"","ast-main-header-display":"","ast-hfb-above-header-display":"","ast-hfb-below-header-display":"","ast-hfb-mobile-header-display":"","site-post-title":"","ast-breadcrumbs-content":"","ast-featured-img":"","footer-sml-layout":"","ast-disable-related-posts":"","theme-transparent-header-meta":"default","adv-header-id-meta":"","stick-header-meta":"","header-above-stick-meta":"","header-main-stick-meta":"","header-below-stick-meta":"","astra-migrate-meta-layouts":"set","ast-page-background-enabled":"default","ast-page-background-meta":{"desktop":{"background-color":"var(--ast-global-color-4)","background-image":"","background-repeat":"repeat","background-position":"center center","background-size":"auto","background-attachment":"scroll","background-type":"","background-media":"","overlay-type":"","overlay-color":"","overlay-opacity":"","overlay-gradient":""},"tablet":{"background-color":"","background-image":"","background-repeat":"repeat","background-position":"center center","background-size":"auto","background-attachment":"scroll","background-type":"","background-media":"","overlay-type":"","overlay-color":"","overlay-opacity":"","overlay-gradient":""},"mobile":{"background-color":"","background-image":"","background-repeat":"repeat","background-position":"center center","background-size":"auto","background-attachment":"scroll","background-type":"","background-media":"","overlay-type":"","overlay-color":"","overlay-opacity":"","overlay-gradient":""}},"ast-content-background-meta":{"desktop":{"background-color":"var(--ast-global-color-5)","background-image":"","background-repeat":"repeat","background-position":"center center","background-size":"auto","background-attachment":"scroll","background-type":"","background-media":"","overlay-type":"","overlay-color":"","overlay-opacity":"","overlay-gradient":""},"tablet":{"background-color":"var(--ast-global-color-5)","background-image":"","background-repeat":"repeat","background-position":"center center","background-size":"auto","background-attachment":"scroll","background-type":"","background-media":"","overlay-type":"","overlay-color":"","overlay-opacity":"","overlay-gradient":""},"mobile":{"background-color":"var(--ast-global-color-5)","background-image":"","background-repeat":"repeat","background-position":"center center","background-size":"auto","background-attachment":"scroll","background-type":"","background-media":"","overlay-type":"","overlay-color":"","overlay-opacity":"","overlay-gradient":""}}},"product_brand":[],"product_cat":[19],"product_tag":[],"class_list":{"0":"post-639","1":"product","2":"type-product","3":"status-publish","4":"has-post-thumbnail","6":"product_cat-film","7":"desktop-align-left","8":"tablet-align-left","9":"mobile-align-left","11":"first","12":"instock","13":"taxable","14":"shipping-taxable","15":"purchasable","16":"product-type-simple"},"aioseo_notices":[],"_links":{"self":[{"href":"https:\/\/krasserfilm.com\/en\/wp-json\/wp\/v2\/product\/639","targetHints":{"allow":["GET"]}}],"collection":[{"href":"https:\/\/krasserfilm.com\/en\/wp-json\/wp\/v2\/product"}],"about":[{"href":"https:\/\/krasserfilm.com\/en\/wp-json\/wp\/v2\/types\/product"}],"replies":[{"embeddable":true,"href":"https:\/\/krasserfilm.com\/en\/wp-json\/wp\/v2\/comments?post=639"}],"wp:featuredmedia":[{"embeddable":true,"href":"https:\/\/krasserfilm.com\/en\/wp-json\/wp\/v2\/media\/680"}],"wp:attachment":[{"href":"https:\/\/krasserfilm.com\/en\/wp-json\/wp\/v2\/media?parent=639"}],"wp:term":[{"taxonomy":"product_brand","embeddable":true,"href":"https:\/\/krasserfilm.com\/en\/wp-json\/wp\/v2\/product_brand?post=639"},{"taxonomy":"product_cat","embeddable":true,"href":"https:\/\/krasserfilm.com\/en\/wp-json\/wp\/v2\/product_cat?post=639"},{"taxonomy":"product_tag","embeddable":true,"href":"https:\/\/krasserfilm.com\/en\/wp-json\/wp\/v2\/product_tag?post=639"}],"curies":[{"name":"wp","href":"https:\/\/api.w.org\/{rel}","templated":true}]}}