{"id":651,"date":"2024-09-16T17:58:44","date_gmt":"2024-09-16T17:58:44","guid":{"rendered":"https:\/\/krasserfilm.com\/?post_type=product&#038;p=651"},"modified":"2024-09-19T16:40:37","modified_gmt":"2024-09-19T16:40:37","slug":"filmdealers-e100-35mm-135-36","status":"publish","type":"product","link":"https:\/\/krasserfilm.com\/en\/product\/filmdealers-e100-35mm-135-36\/","title":{"rendered":"Filmdealer&#8217;s E100 35mm 135\/36"},"content":{"rendered":"<p><strong>Filmdealer\u2019s E100 ist umverpackter KODAK Ektachrome 100<\/strong><\/p>\n<p>\u00dcberzeugt mit satten Farben! Besonders bei gutem Licht, oder Studioaufnahmen. Mit satten Farben, hohem Kontrast und minimalem Korn liefert er und \u00fcberragende Bildqualit\u00e4t und Farbechtheit, die kein Negativfilm bietet. F\u00fcr Aufnahmen bei Tageslicht. Seine speziell entwickelte T-Grain Struktur macht ihn besonders gut f\u00fcrs scannen geeignet.<\/p>\n<p><strong>Lagerung:<\/strong> Alle Rollen werden ausschlie\u00dflich von frischen Masterrollen geschnitten, und durchgehend tiefgek\u00fchlt gelagert.<\/p>\n<p>Wir empfehlen den Film gek\u00fchlt zu Lagern. Kinofilm ist Profifilm, und f\u00fcr das bestm\u00f6gliche Bild entwickelt. Das kann die Lagerf\u00e4higkeit des Filmes beeintr\u00e4chtigen.<\/p>\n<p><strong><u>Disclaimer: <\/u><\/strong>Dieser Film wird besten Wissens und Gewissens von Hand verpackt. Dabei kann es dazu kommen, dass das letzte Bild auf dem Film abgeschnitten ist.<\/p>\n<p>Die Patronen kommen ohne passenden DX-Code! Wir bieten als Ersatz auch DX-Sticker an.<\/p>\n","protected":false},"excerpt":{"rendered":"<ul>\n<li>135\/36exp<\/li>\n<li>Brilliante und satte Farben<\/li>\n<li>Diafilm (E6)<\/li>\n<li>mittlere Empfindlichkeit<\/li>\n<li>extrem feines Korn<\/li>\n<li>vielseitig einsetzbar<\/li>\n<li>ISO 100<\/li>\n<li>Tageslichtfilm (5500K)<\/li>\n<li>Ohne Remjet Schicht<\/li>\n<\/ul>\n","protected":false},"featured_media":678,"comment_status":"open","ping_status":"closed","template":"","meta":{"site-sidebar-layout":"default","site-content-layout":"","ast-site-content-layout":"default","site-content-style":"default","site-sidebar-style":"default","ast-global-header-display":"","ast-banner-title-visibility":"","ast-main-header-display":"","ast-hfb-above-header-display":"","ast-hfb-below-header-display":"","ast-hfb-mobile-header-display":"","site-post-title":"","ast-breadcrumbs-content":"","ast-featured-img":"","footer-sml-layout":"","ast-disable-related-posts":"","theme-transparent-header-meta":"default","adv-header-id-meta":"","stick-header-meta":"","header-above-stick-meta":"","header-main-stick-meta":"","header-below-stick-meta":"","astra-migrate-meta-layouts":"set","ast-page-background-enabled":"default","ast-page-background-meta":{"desktop":{"background-color":"var(--ast-global-color-4)","background-image":"","background-repeat":"repeat","background-position":"center center","background-size":"auto","background-attachment":"scroll","background-type":"","background-media":"","overlay-type":"","overlay-color":"","overlay-opacity":"","overlay-gradient":""},"tablet":{"background-color":"","background-image":"","background-repeat":"repeat","background-position":"center center","background-size":"auto","background-attachment":"scroll","background-type":"","background-media":"","overlay-type":"","overlay-color":"","overlay-opacity":"","overlay-gradient":""},"mobile":{"background-color":"","background-image":"","background-repeat":"repeat","background-position":"center center","background-size":"auto","background-attachment":"scroll","background-type":"","background-media":"","overlay-type":"","overlay-color":"","overlay-opacity":"","overlay-gradient":""}},"ast-content-background-meta":{"desktop":{"background-color":"var(--ast-global-color-5)","background-image":"","background-repeat":"repeat","background-position":"center center","background-size":"auto","background-attachment":"scroll","background-type":"","background-media":"","overlay-type":"","overlay-color":"","overlay-opacity":"","overlay-gradient":""},"tablet":{"background-color":"var(--ast-global-color-5)","background-image":"","background-repeat":"repeat","background-position":"center center","background-size":"auto","background-attachment":"scroll","background-type":"","background-media":"","overlay-type":"","overlay-color":"","overlay-opacity":"","overlay-gradient":""},"mobile":{"background-color":"var(--ast-global-color-5)","background-image":"","background-repeat":"repeat","background-position":"center center","background-size":"auto","background-attachment":"scroll","background-type":"","background-media":"","overlay-type":"","overlay-color":"","overlay-opacity":"","overlay-gradient":""}}},"product_brand":[],"product_cat":[19],"product_tag":[],"class_list":{"0":"post-651","1":"product","2":"type-product","3":"status-publish","4":"has-post-thumbnail","6":"product_cat-film","7":"desktop-align-left","8":"tablet-align-left","9":"mobile-align-left","11":"first","12":"instock","13":"taxable","14":"shipping-taxable","15":"purchasable","16":"product-type-simple"},"aioseo_notices":[],"_links":{"self":[{"href":"https:\/\/krasserfilm.com\/en\/wp-json\/wp\/v2\/product\/651","targetHints":{"allow":["GET"]}}],"collection":[{"href":"https:\/\/krasserfilm.com\/en\/wp-json\/wp\/v2\/product"}],"about":[{"href":"https:\/\/krasserfilm.com\/en\/wp-json\/wp\/v2\/types\/product"}],"replies":[{"embeddable":true,"href":"https:\/\/krasserfilm.com\/en\/wp-json\/wp\/v2\/comments?post=651"}],"wp:featuredmedia":[{"embeddable":true,"href":"https:\/\/krasserfilm.com\/en\/wp-json\/wp\/v2\/media\/678"}],"wp:attachment":[{"href":"https:\/\/krasserfilm.com\/en\/wp-json\/wp\/v2\/media?parent=651"}],"wp:term":[{"taxonomy":"product_brand","embeddable":true,"href":"https:\/\/krasserfilm.com\/en\/wp-json\/wp\/v2\/product_brand?post=651"},{"taxonomy":"product_cat","embeddable":true,"href":"https:\/\/krasserfilm.com\/en\/wp-json\/wp\/v2\/product_cat?post=651"},{"taxonomy":"product_tag","embeddable":true,"href":"https:\/\/krasserfilm.com\/en\/wp-json\/wp\/v2\/product_tag?post=651"}],"curies":[{"name":"wp","href":"https:\/\/api.w.org\/{rel}","templated":true}]}}